{"id":1421,"date":"2025-02-18T11:08:07","date_gmt":"2025-02-18T11:08:07","guid":{"rendered":"https:\/\/topassurauto.net\/?page_id=1421"},"modified":"2025-02-18T11:08:09","modified_gmt":"2025-02-18T11:08:09","slug":"mon-assurance-auto-et-la-conduite-accompagnee-ca-donne-quoi","status":"publish","type":"page","link":"https:\/\/topassurauto.net\/index.php\/mon-assurance-auto-et-la-conduite-accompagnee-ca-donne-quoi\/","title":{"rendered":"Mon assurance auto et la conduite accompagn\u00e9e : \u00e7a donne quoi ?"},"content":{"rendered":"\n<p>La conduite accompagn\u00e9e a pour but de former les futurs conducteurs pendant une longue p\u00e9riode afin qu\u2019ils maitrisent mieux la vari\u00e9t\u00e9 des situations qui peuvent \u00eatre rencontr\u00e9es en conditions r\u00e9elles de conduite.<\/p>\n\n\n\n<p>En pratique, cela revient \u00e0 les faire conduire 3000&nbsp;km au volant du v\u00e9hicule de leurs parents, ce qui peut alerter l\u2019assureur quant \u00e0 l\u2019augmentation du risque d\u2019accident que cela repr\u00e9sente.<\/p>\n\n\n\n<p>Comment g\u00e9rer son assurance auto pour pr\u00e9parer la conduite accompagn\u00e9e de ses enfants\u2009? Nous vous expliquons tout ce que vous devez savoir \u00e0 ce sujet.<\/p>\n\n\n\n<h2 class=\"wp-block-heading\">La conduite accompagn\u00e9e&nbsp;: qu\u2019est-ce exactement\u2009?<\/h2>\n\n\n\n<h3 class=\"wp-block-heading\">Les grands principes de l\u2019apprentissage anticip\u00e9 de la conduite<\/h3>\n\n\n\n<p>Tous les candidats au permis de conduire ont pour obligation d\u2019obtenir le Code de la route et de r\u00e9aliser au moins 20&nbsp;heures de le\u00e7ons pratiques de conduire avec un moniteur d\u2019auto-\u00e9cole.<\/p>\n\n\n\n<p>Ceux qui souhaitent r\u00e9aliser la conduite accompagn\u00e9e peuvent commencer leur formation th\u00e9orique d\u00e8s 15&nbsp;ans.<\/p>\n\n\n\n<p>En compl\u00e9ment des le\u00e7ons pratiques de conduite avec le moniteur, ils doivent parcourir au moins 3000&nbsp;kilom\u00e8tres sur une p\u00e9riode de 1 \u00e0 3&nbsp;ans, avec un accompagnateur d\u00e9sign\u00e9 \u00e0 ses c\u00f4t\u00e9s.<\/p>\n\n\n\n<p>L\u2019accompagnateur doit avoir son permis depuis au moins 5&nbsp;ans et ne pas avoir fait l\u2019objet de d\u00e9lits routiers.<\/p>\n\n\n\n<h3 class=\"wp-block-heading\">Quels sont les avantages de la conduite accompagn\u00e9e\u2009?<\/h3>\n\n\n\n<p>Bien qu\u2019elle repr\u00e9sente un effort pour les parents, la conduite accompagn\u00e9e offre de nombreux avantages pour le jeune conducteur&nbsp;:<\/p>\n\n\n\n<ul class=\"wp-block-list\">\n<li>La dur\u00e9e du permis probatoire est r\u00e9duite \u00e0 2\u00a0ans (au lieu de 3\u00a0ans)<\/li>\n\n\n\n<li>L\u2019\u00e9preuve de conduite peut \u00eatre pass\u00e9e dans les 6\u00a0mois pr\u00e9c\u00e9dant les 18\u00a0ans, afin que le candidat puisse conduire d\u00e8s sa majorit\u00e9.<\/li>\n\n\n\n<li>La probabilit\u00e9 d\u2019obtention du permis de conduire lors de l\u2019\u00e9preuve pratique est plus \u00e9lev\u00e9e.<\/li>\n\n\n\n<li>Les jeunes conducteurs ayant b\u00e9n\u00e9fici\u00e9 de la conduite accompagn\u00e9e sont moins accidentog\u00e8nes et ils peuvent profiter de tarifs d\u2019assurance auto r\u00e9duits.<\/li>\n<\/ul>\n\n\n\n<h2 class=\"wp-block-heading\">La conduite accompagn\u00e9e&nbsp;: comment la d\u00e9clarer \u00e0 l\u2019assureur\u2009?<\/h2>\n\n\n\n<p>Lors de son inscription dans l\u2019auto-\u00e9cole, le futur conducteur pr\u00e9sente son dossier complet.<\/p>\n\n\n\n<p>S\u2019il respecte toutes les conditions requises pour lui-m\u00eame et pour son accompagnateur d\u00e9sign\u00e9, il re\u00e7oit une demande d\u2019extension de garantie d\u2019assurance.<\/p>\n\n\n\n<p>L\u2019accompagnateur transmet cette demande \u00e0 son assureur, qui modifie le contrat en ajoutant le conducteur accompagn\u00e9.<\/p>\n\n\n\n<p>L\u2019accompagnateur doit imp\u00e9rativement attendre de recevoir l\u2019accord de la compagnie d\u2019assurance pour laisser le futur conducteur prendre le volant de son v\u00e9hicule.<\/p>\n\n\n\n<p>Certaines assurances permettent d\u2019ajouter un conducteur accompagn\u00e9 \u00e0 un contrat d\u2019assurance auto sans surcout au niveau de la prime d\u2019assurance ni majoration de franchise.<\/p>\n\n\n\n<p>Attention&nbsp;: en aucun cas un conducteur accompagn\u00e9 n\u2019a le droit de circuler \u00e0 l\u2019\u00e9tranger, son autorisation de conduite n\u2019est valable que sur le territoire fran\u00e7ais.<\/p>\n","protected":false},"excerpt":{"rendered":"<p>La conduite accompagn\u00e9e a pour but de former les futurs conducteurs pendant une longue p\u00e9riode afin qu\u2019ils maitrisent mieux la vari\u00e9t\u00e9 des situations qui peuvent \u00eatre rencontr\u00e9es en conditions r\u00e9elles de conduite. En pratique, cela revient \u00e0 les faire conduire 3000&nbsp;km au volant du v\u00e9hicule de leurs parents, ce qui peut alerter l\u2019assureur quant \u00e0 [&hellip;]<\/p>\n","protected":false},"author":1,"featured_media":1424,"parent":0,"menu_order":0,"comment_status":"closed","ping_status":"closed","template":"","meta":{"_seopress_robots_primary_cat":"","_seopress_titles_title":"%%post_title%%","_seopress_titles_desc":"La conduite accompagn\u00e9e a pour but de former les futurs conducteurs pendant une longue p\u00e9riode afin qu\u2019ils maitrisent mieux la vari\u00e9t\u00e9 des situations qui peuvent...","_seopress_robots_index":"","footnotes":""},"class_list":["post-1421","page","type-page","status-publish","has-post-thumbnail","hentry"],"blocksy_meta":[],"_links":{"self":[{"href":"https:\/\/topassurauto.net\/index.php\/wp-json\/wp\/v2\/pages\/1421","targetHints":{"allow":["GET"]}}],"collection":[{"href":"https:\/\/topassurauto.net\/index.php\/wp-json\/wp\/v2\/pages"}],"about":[{"href":"https:\/\/topassurauto.net\/index.php\/wp-json\/wp\/v2\/types\/page"}],"author":[{"embeddable":true,"href":"https:\/\/topassurauto.net\/index.php\/wp-json\/wp\/v2\/users\/1"}],"replies":[{"embeddable":true,"href":"https:\/\/topassurauto.net\/index.php\/wp-json\/wp\/v2\/comments?post=1421"}],"version-history":[{"count":1,"href":"https:\/\/topassurauto.net\/index.php\/wp-json\/wp\/v2\/pages\/1421\/revisions"}],"predecessor-version":[{"id":1425,"href":"https:\/\/topassurauto.net\/index.php\/wp-json\/wp\/v2\/pages\/1421\/revisions\/1425"}],"wp:featuredmedia":[{"embeddable":true,"href":"https:\/\/topassurauto.net\/index.php\/wp-json\/wp\/v2\/media\/1424"}],"wp:attachment":[{"href":"https:\/\/topassurauto.net\/index.php\/wp-json\/wp\/v2\/media?parent=1421"}],"curies":[{"name":"wp","href":"https:\/\/api.w.org\/{rel}","templated":true}]}}