{"id":1411,"date":"2025-02-18T11:06:14","date_gmt":"2025-02-18T11:06:14","guid":{"rendered":"https:\/\/topassurauto.net\/?page_id=1411"},"modified":"2025-02-18T11:06:16","modified_gmt":"2025-02-18T11:06:16","slug":"comment-sarticule-la-franchise-de-mon-assurance-auto-maaf","status":"publish","type":"page","link":"https:\/\/topassurauto.net\/index.php\/comment-sarticule-la-franchise-de-mon-assurance-auto-maaf\/","title":{"rendered":"Comment s&rsquo;articule la franchise de mon assurance auto Maaf ?"},"content":{"rendered":"\n<p>Dans les conditions g\u00e9n\u00e9rales et particuli\u00e8res des contrats d\u2019assurance auto, on trouve le d\u00e9tail des franchises qui sont appliqu\u00e9es lors de la d\u00e9claration de certains sinistres.<\/p>\n\n\n\n<p>Pourquoi cette participation financi\u00e8re est demand\u00e9e et comment fonctionne-t-elle\u2009?<\/p>\n\n\n\n<p>Nous vous pr\u00e9sentons ici tout ce qu\u2019il y a de plus important \u00e0 savoir sur la franchise de votre contrat d\u2019assurance auto Maaf.<\/p>\n\n\n\n<h2 class=\"wp-block-heading\">La franchise d\u2019assurance&nbsp;: comment \u00e7a marche\u2009?<\/h2>\n\n\n\n<h3 class=\"wp-block-heading\">Quand doit-on payer une franchise\u2009?<\/h3>\n\n\n\n<p>La franchise repr\u00e9sente le montant qui reste \u00e0 la charge de l\u2019assur\u00e9 lorsqu\u2019il d\u00e9clare un sinistre responsable ou lorsque le tiers responsable n\u2019est pas identifi\u00e9.<\/p>\n\n\n\n<p>Dans le cas o\u00f9 l\u2019assur\u00e9 est enti\u00e8rement victime et que le tiers responsable est connu, il n\u2019a pas \u00e0 s\u2019acquitter d\u2019une franchise puisque c\u2019est l\u2019assurance de l\u2019autre conducteur qui va prendre en charge les r\u00e9parations.<\/p>\n\n\n\n<p>La franchise s\u2019applique toujours au conducteur responsable d\u2019un accident, sauf s\u2019il a souscrit \u00e0 la garantie sp\u00e9cifique de \u00ab\u2009rachat de franchise\u2009\u00bb.<\/p>\n\n\n\n<p>Vous pouvez n\u00e9gocier le montant de la franchise aupr\u00e8s de votre assureur&nbsp;: en abaissant la franchise, on augmente le montant de la prime d\u2019assurance, et inversement.<\/p>\n\n\n\n<h3 class=\"wp-block-heading\">Quels sont les types de franchise existants\u2009?<\/h3>\n\n\n\n<h4 class=\"wp-block-heading\">La franchise fixe ou absolue<\/h4>\n\n\n\n<p>C\u2019est le type de franchise le plus courant dans les contrats d\u2019assurance auto.<\/p>\n\n\n\n<p>Le montant d\u2019une franchise fixe est \u00e9crit dans les conditions g\u00e9n\u00e9rales d\u2019un contrat, il est le m\u00eame, quel que soit le cout total des r\u00e9parations li\u00e9es au sinistre d\u00e9clar\u00e9.<\/p>\n\n\n\n<p>Par exemple, si la franchise fixe est de 300&nbsp;\u20ac et le montant total des r\u00e9parations de 3000&nbsp;\u20ac, l\u2019assureur remboursera 2700&nbsp;\u20ac \u00e0 son client.<\/p>\n\n\n\n<h4 class=\"wp-block-heading\">La franchise proportionnelle<\/h4>\n\n\n\n<p>Cette franchise est variable, elle est exprim\u00e9e en pourcentage des frais de r\u00e9parations, en pr\u00e9cisant une valeur minimale et une valeur maximale.<\/p>\n\n\n\n<p>Par exemple, la franchise proportionnelle peut \u00eatre fix\u00e9e \u00e0 10&nbsp;%, avec un minimum de 200&nbsp;\u20ac et un maximum de 600&nbsp;\u20ac.<\/p>\n\n\n\n<h4 class=\"wp-block-heading\">La franchise \u00ab\u2009catastrophe naturelle\u2009\u00bb<\/h4>\n\n\n\n<p>Cette franchise s\u2019applique seulement lorsque le sinistre est li\u00e9 \u00e0 un \u00e9v\u00e8nement naturel ou climatique ayant \u00e9t\u00e9 d\u00e9clar\u00e9 au Journal officiel comme une catastrophe naturelle (s\u00e9isme, \u00e9ruption volcanique, inondation, glissement de terrain, temp\u00eate) et que l\u2019assur\u00e9 a souscrit \u00e0 la garantie correspondante.<\/p>\n\n\n\n<p>La franchise \u00ab\u2009catastrophe naturelle\u2009\u00bb a une valeur de 380&nbsp;\u20ac, fix\u00e9e par la loi.<\/p>\n\n\n\n<h3 class=\"wp-block-heading\">Comment fonctionne la franchise d\u2019assurance auto Maaf\u2009?<\/h3>\n\n\n\n<p>\u00c0 la Maaf, les franchises d\u2019assurance sont fixes.<\/p>\n\n\n\n<p>En fonction de la puissance fiscale, de l\u2019\u00e2ge et de l\u2019\u00e9tat de votre v\u00e9hicule, nous vous recommandons de n\u00e9gocier avec votre conseiller une franchise adapt\u00e9e \u00e0 vos besoins.<\/p>\n\n\n\n<p>Une franchise faible ou nulle (dans le cas de la garantie \u00ab\u2009rachat de franchise\u2009\u00bb) signifie que la prime d\u2019assurance sera importante.<\/p>\n\n\n\n<p>\u00c0 l\u2019inverse, vous pouvez choisir d\u2019appliquer une franchise \u00e9lev\u00e9e pour faire diminuer le montant de votre prime d\u2019assurance.<\/p>\n","protected":false},"excerpt":{"rendered":"<p>Dans les conditions g\u00e9n\u00e9rales et particuli\u00e8res des contrats d\u2019assurance auto, on trouve le d\u00e9tail des franchises qui sont appliqu\u00e9es lors de la d\u00e9claration de certains sinistres. Pourquoi cette participation financi\u00e8re est demand\u00e9e et comment fonctionne-t-elle\u2009? Nous vous pr\u00e9sentons ici tout ce qu\u2019il y a de plus important \u00e0 savoir sur la franchise de votre contrat [&hellip;]<\/p>\n","protected":false},"author":1,"featured_media":1414,"parent":0,"menu_order":0,"comment_status":"closed","ping_status":"closed","template":"","meta":{"_seopress_robots_primary_cat":"","_seopress_titles_title":"%%post_title%%","_seopress_titles_desc":"Dans les conditions g\u00e9n\u00e9rales et particuli\u00e8res des contrats d\u2019assurance auto, on trouve le d\u00e9tail des franchises qui sont appliqu\u00e9es lors de la d\u00e9claration de ...","_seopress_robots_index":"","footnotes":""},"class_list":["post-1411","page","type-page","status-publish","has-post-thumbnail","hentry"],"blocksy_meta":[],"_links":{"self":[{"href":"https:\/\/topassurauto.net\/index.php\/wp-json\/wp\/v2\/pages\/1411","targetHints":{"allow":["GET"]}}],"collection":[{"href":"https:\/\/topassurauto.net\/index.php\/wp-json\/wp\/v2\/pages"}],"about":[{"href":"https:\/\/topassurauto.net\/index.php\/wp-json\/wp\/v2\/types\/page"}],"author":[{"embeddable":true,"href":"https:\/\/topassurauto.net\/index.php\/wp-json\/wp\/v2\/users\/1"}],"replies":[{"embeddable":true,"href":"https:\/\/topassurauto.net\/index.php\/wp-json\/wp\/v2\/comments?post=1411"}],"version-history":[{"count":1,"href":"https:\/\/topassurauto.net\/index.php\/wp-json\/wp\/v2\/pages\/1411\/revisions"}],"predecessor-version":[{"id":1415,"href":"https:\/\/topassurauto.net\/index.php\/wp-json\/wp\/v2\/pages\/1411\/revisions\/1415"}],"wp:featuredmedia":[{"embeddable":true,"href":"https:\/\/topassurauto.net\/index.php\/wp-json\/wp\/v2\/media\/1414"}],"wp:attachment":[{"href":"https:\/\/topassurauto.net\/index.php\/wp-json\/wp\/v2\/media?parent=1411"}],"curies":[{"name":"wp","href":"https:\/\/api.w.org\/{rel}","templated":true}]}}