{"id":1396,"date":"2025-02-18T11:03:06","date_gmt":"2025-02-18T11:03:06","guid":{"rendered":"https:\/\/topassurauto.net\/?page_id=1396"},"modified":"2025-02-18T11:03:08","modified_gmt":"2025-02-18T11:03:08","slug":"puis-je-souscrire-en-ligne-a-mon-assurance-auto","status":"publish","type":"page","link":"https:\/\/topassurauto.net\/index.php\/puis-je-souscrire-en-ligne-a-mon-assurance-auto\/","title":{"rendered":"Puis-je souscrire en ligne \u00e0 mon assurance auto ?"},"content":{"rendered":"\n<p>Il est toujours possible de se rendre d\u2019agence en agence pour demander des devis et souscrire une assurance en demandant rendez-vous avec un conseiller, mais vous pouvez accomplir tout cela directement sur Internet depuis chez vous.<\/p>\n\n\n\n<p>Nous pr\u00e9sentons ici les choses importantes \u00e0 savoir pour souscrire une assurance auto en ligne.<\/p>\n\n\n\n<h2 class=\"wp-block-heading\">Rechercher et comparer des offres d\u2019assurances auto en ligne<\/h2>\n\n\n\n<p>Sur Internet, vous pouvez comparer en quelques clics les offres de plusieurs assureurs en utilisant un comparateur d\u2019assurances en ligne.<\/p>\n\n\n\n<p>Ces sites offrent un aper\u00e7u rapide des tarifs et des garanties propos\u00e9es par un ensemble de compagnies d\u2019assurance, ce qui permet de rapidement trouver la meilleure assurance&nbsp;: celle qui inclut le plus de garanties au meilleur prix.<\/p>\n\n\n\n<p>Afin de personnaliser les devis, vous devez fournir les caract\u00e9ristiques de votre v\u00e9hicule et des informations sur vos habitudes de conduite, ce qui permet de d\u00e9finir le risque associ\u00e9 \u00e0 votre profil et de d\u00e9terminer le montant de la prime d\u2019assurance.<\/p>\n\n\n\n<h2 class=\"wp-block-heading\">Souscrire une assurance auto en ligne<\/h2>\n\n\n\n<h3 class=\"wp-block-heading\">Les documents n\u00e9cessaires pour souscrire une assurance auto en ligne<\/h3>\n\n\n\n<p>De la m\u00eame mani\u00e8re que lors de la souscription d\u2019une assurance aupr\u00e8s d\u2019un conseiller d\u2019une agence, l\u2019automobiliste qui souhaite assurer son v\u00e9hicule en ligne doit pr\u00e9senter les justificatifs administratifs en lien avec son v\u00e9hicule et sa situation personnelle.<\/p>\n\n\n\n<p>Voici les documents n\u00e9cessaires pour compl\u00e9ter le dossier de souscription d\u2019une assurance auto en ligne&nbsp;:<\/p>\n\n\n\n<ul class=\"wp-block-list\">\n<li>Une copie du permis de conduire<\/li>\n\n\n\n<li>Une copie du certificat d\u2019immatriculation \u00e9mis par la pr\u00e9fecture (la carte grise)<\/li>\n\n\n\n<li>Un RIB (relev\u00e9 d\u2019identit\u00e9 bancaire) afin d\u2019autoriser le pr\u00e9l\u00e8vement automatique de la cotisation d\u2019assurance sur le compte bancaire de l\u2019assur\u00e9<\/li>\n\n\n\n<li>Une copie de carte d\u2019identit\u00e9<\/li>\n\n\n\n<li>Le relev\u00e9 d\u2019informations du conducteur principal, s\u2019il a d\u00e9j\u00e0 assur\u00e9 un v\u00e9hicule aupr\u00e8s d\u2019un autre assureur<\/li>\n<\/ul>\n\n\n\n<p>Dans le cas o\u00f9 plusieurs conducteurs se partageraient le v\u00e9hicule, il est imp\u00e9ratif de le d\u00e9clarer d\u00e8s la souscription et de fournir la copie de leur permis de conduire.<\/p>\n\n\n\n<h2 class=\"wp-block-heading\">Nos conseils pour bien choisir une assurance auto en ligne<\/h2>\n\n\n\n<h3 class=\"wp-block-heading\">V\u00e9rifier le montant de la franchise et les plafonds d\u2019indemnisation<\/h3>\n\n\n\n<p>Pour s\u00e9duire rapidement les automobilistes \u00e0 la recherche de l\u2019assurance auto la moins ch\u00e8re, certains assureurs tirent vers le bas les tarifs de leur cotisation.<\/p>\n\n\n\n<p>Il faut \u00eatre vigilant, les assurances les moins ch\u00e8res sont souvent celles pour lesquelles la franchise est la plus \u00e9lev\u00e9e.<\/p>\n\n\n\n<p>Au moment de la souscription, t\u00e9l\u00e9chargez les conditions g\u00e9n\u00e9rales et particuli\u00e8res pour y trouver les montants des franchises de chaque garantie du contrat d\u2019assurance.<\/p>\n\n\n\n<p>Pensez bien \u00e0 comparer les plafonds d\u2019indemnisation et \u00e0 v\u00e9rifier quelles sont les exclusions.<\/p>\n\n\n\n<h3 class=\"wp-block-heading\">Personnaliser le contrat d\u2019assurance selon ses besoins<\/h3>\n\n\n\n<p>Les assureurs vous permettent d\u2019ajouter des garanties compl\u00e9mentaires pour faire face \u00e0 toutes les situations.<\/p>\n\n\n\n<p>Si vous avez des besoins particuliers, n\u2019h\u00e9sitez pas utiliser le contact au service client pour obtenir un conseiller en ligne qui pourra vous aider \u00e0 personnaliser votre contrat d\u2019assurance auto.<\/p>\n","protected":false},"excerpt":{"rendered":"<p>Il est toujours possible de se rendre d\u2019agence en agence pour demander des devis et souscrire une assurance en demandant rendez-vous avec un conseiller, mais vous pouvez accomplir tout cela directement sur Internet depuis chez vous. Nous pr\u00e9sentons ici les choses importantes \u00e0 savoir pour souscrire une assurance auto en ligne. Rechercher et comparer des [&hellip;]<\/p>\n","protected":false},"author":1,"featured_media":1399,"parent":0,"menu_order":0,"comment_status":"closed","ping_status":"closed","template":"","meta":{"_seopress_robots_primary_cat":"","_seopress_titles_title":"%%post_title%%","_seopress_titles_desc":"Il est toujours possible de se rendre d\u2019agence en agence pour demander des devis et souscrire une assurance en demandant rendez-vous avec un conseiller, mais vous po...","_seopress_robots_index":"","footnotes":""},"class_list":["post-1396","page","type-page","status-publish","has-post-thumbnail","hentry"],"blocksy_meta":[],"_links":{"self":[{"href":"https:\/\/topassurauto.net\/index.php\/wp-json\/wp\/v2\/pages\/1396","targetHints":{"allow":["GET"]}}],"collection":[{"href":"https:\/\/topassurauto.net\/index.php\/wp-json\/wp\/v2\/pages"}],"about":[{"href":"https:\/\/topassurauto.net\/index.php\/wp-json\/wp\/v2\/types\/page"}],"author":[{"embeddable":true,"href":"https:\/\/topassurauto.net\/index.php\/wp-json\/wp\/v2\/users\/1"}],"replies":[{"embeddable":true,"href":"https:\/\/topassurauto.net\/index.php\/wp-json\/wp\/v2\/comments?post=1396"}],"version-history":[{"count":1,"href":"https:\/\/topassurauto.net\/index.php\/wp-json\/wp\/v2\/pages\/1396\/revisions"}],"predecessor-version":[{"id":1400,"href":"https:\/\/topassurauto.net\/index.php\/wp-json\/wp\/v2\/pages\/1396\/revisions\/1400"}],"wp:featuredmedia":[{"embeddable":true,"href":"https:\/\/topassurauto.net\/index.php\/wp-json\/wp\/v2\/media\/1399"}],"wp:attachment":[{"href":"https:\/\/topassurauto.net\/index.php\/wp-json\/wp\/v2\/media?parent=1396"}],"curies":[{"name":"wp","href":"https:\/\/api.w.org\/{rel}","templated":true}]}}